{"id":20,"date":"2021-01-08T06:45:58","date_gmt":"2021-01-08T06:45:58","guid":{"rendered":"http:\/\/www.lr-production.de\/?page_id=20"},"modified":"2025-01-26T06:39:17","modified_gmt":"2025-01-26T06:39:17","slug":"privacy","status":"publish","type":"page","link":"https:\/\/lr-production.de\/?page_id=20","title":{"rendered":"privacy"},"content":{"rendered":"<h1>Datenschutzerkl\u00e4rung<\/h1>\n<h3>Grundlegendes<\/h3>\n<p>Diese Datenschutzerkl\u00e4rung soll die Nutzer dieser Website \u00fcber die Art, den Umfang und den Zweck der Erhebung und Verwendung personenbezogener Daten durch den Websitebetreiber LR-Production.de informieren.<\/p>\n<p>Der Websitebetreiber nimmt Ihren Datenschutz sehr ernst und behandelt Ihre personenbezogenen Daten vertraulich und entsprechend der gesetzlichen Vorschriften. Da durch neue Technologien und die st\u00e4ndige Weiterentwicklung dieser Webseite \u00c4nderungen an dieser Datenschutzerkl\u00e4rung vorgenommen werden k\u00f6nnen, empfehlen wir Ihnen sich die Datenschutzerkl\u00e4rung in regelm\u00e4\u00dfigen Abst\u00e4nden wieder durchzulesen.<\/p>\n<p>Definitionen der verwendeten Begriffe (z.B. \u201cpersonenbezogene Daten\u201d oder \u201cVerarbeitung\u201d) finden Sie in Art. 4 DSGVO.<\/p>\n<h3>Zugriffsdaten<\/h3>\n<p>Wir, der Websitebetreiber bzw. Seitenprovider, erheben aufgrund unseres berechtigten Interesses (s. Art. 6 Abs. 1 lit. f. DSGVO) Daten \u00fcber Zugriffe auf die Website und speichern diese als \u201eServer-Logfiles\u201c auf dem Server der Website ab. Folgende Daten werden so protokolliert:<\/p>\n<p>\u2022 Besuchte Website<br \/>\u2022 Uhrzeit zum Zeitpunkt des Zugriffes<br \/>\u2022 Menge der gesendeten Daten in Byte<br \/>\u2022 Quelle\/Verweis, von welchem Sie auf die Seite gelangten<br \/>\u2022 Verwendeter Browser<br \/>\u2022 Verwendetes Betriebssystem<br \/>\u2022 Verwendete IP-Adresse<\/p>\n<p>Die Server-Logfiles werden f\u00fcr maximal 7 Tage gespeichert und anschlie\u00dfend gel\u00f6scht. Die Speicherung der Daten erfolgt aus Sicherheitsgr\u00fcnden, um z. B. Missbrauchsf\u00e4lle aufkl\u00e4ren zu k\u00f6nnen. M\u00fcssen Daten aus Beweisgr\u00fcnden aufgehoben werden, sind sie solange von der L\u00f6schung ausgenommen bis der Vorfall endg\u00fcltig gekl\u00e4rt ist.<\/p>\n<h3>Reichweitenmessung &amp; Cookies<\/h3>\n<p>Diese Website verwendet Cookies zur pseudonymisierten Reichweitenmessung, die entweder von unserem Server oder dem Server Dritter an den Browser des Nutzers \u00fcbertragen werden. Bei Cookies handelt es sich um kleine Dateien, welche auf Ihrem Endger\u00e4t gespeichert werden. Ihr Browser greift auf diese Dateien zu. Durch den Einsatz von Cookies erh\u00f6ht sich die Benutzerfreundlichkeit und Sicherheit dieser Website.<br \/>Falls Sie nicht m\u00f6chten, dass Cookies zur Reichweitenmessung auf Ihrem Endger\u00e4t gespeichert werden, k\u00f6nnen Sie dem Einsatz dieser Dateien hier widersprechen:<\/p>\n<p>\u2022 Cookie-Deaktivierungsseite der Netzwerkwerbeinitiative: http:\/\/optout.networkadvertising.org\/?c=1#!\/<br \/>\u2022 Cookie-Deaktivierungsseite der US-amerikanischen Website: http:\/\/optout.aboutads.info\/?c=2#!\/<br \/>\u2022 Cookie-Deaktivierungsseite der europ\u00e4ischen Website: http:\/\/optout.networkadvertising.org\/?c=1#!\/<\/p>\n<p>G\u00e4ngige Browser bieten die Einstellungsoption, Cookies nicht zuzulassen. Hinweis: Es ist nicht gew\u00e4hrleistet, dass Sie auf alle Funktionen dieser Website ohne Einschr\u00e4nkungen zugreifen k\u00f6nnen, wenn Sie entsprechende Einstellungen vornehmen.<\/p>\n<h3>Erfassung und Verarbeitung personenbezogener Daten<\/h3>\n<p>Der Websitebetreiber erhebt, nutzt und gibt Ihre personenbezogenen Daten nur dann weiter, wenn dies im gesetzlichen Rahmen erlaubt ist oder Sie in die Datenerhebung einwilligen.<br \/>Als personenbezogene Daten gelten s\u00e4mtliche Informationen, welche dazu dienen, Ihre Person zu bestimmen und welche zu Ihnen zur\u00fcckverfolgt werden k\u00f6nnen \u2013 also beispielsweise Ihr Name, Ihre E-Mail-Adresse und Telefonnummer.<\/p>\n<p>Diese Website k\u00f6nnen Sie auch besuchen, ohne Angaben zu Ihrer Person zu machen. Zur Verbesserung unseres Online-Angebotes speichern wir jedoch (ohne Personenbezug) Ihre Zugriffsdaten auf diese Website. Zu diesen Zugriffsdaten geh\u00f6ren z. B. die von Ihnen angeforderte Datei oder der Name Ihres Internet-Providers. Durch die Anonymisierung der Daten sind R\u00fcckschl\u00fcsse auf Ihre Person nicht m\u00f6glich.<\/p>\n<h3>Umgang mit Kontaktdaten<\/h3>\n<p>Nehmen Sie mit uns als Websitebetreiber durch die angebotenen Kontaktm\u00f6glichkeiten Verbindung auf, werden Ihre Angaben gespeichert, damit auf diese zur Bearbeitung und Beantwortung Ihrer Anfrage zur\u00fcckgegriffen werden kann. Ohne Ihre Einwilligung werden diese Daten nicht an Dritte weitergegeben.<\/p>\n<h3>Umgang mit Kommentaren und Beitr\u00e4gen<\/h3>\n<p>Hinterlassen Sie auf dieser Website einen Beitrag oder Kommentar, wird Ihre IP-Adresse gespeichert. Dies erfolgt aufgrund unserer berechtigten Interessen im Sinne des Art. 6 Abs. 1 lit. f. DSGVO und dient der Sicherheit von uns als Websitebetreiber: Denn sollte Ihr Kommentar gegen geltendes Recht versto\u00dfen, k\u00f6nnen wir daf\u00fcr belangt werden, weshalb wir ein Interesse an der Identit\u00e4t des Kommentar- bzw. Beitragsautors haben.<\/p>\n<h3>Google Analytics<\/h3>\n<p>Diese Website nutzt aufgrund unserer berechtigten Interessen zur Optimierung und Analyse unseres Online-Angebots im Sinne des Art. 6 Abs. 1 lit. f. DSGVO den Dienst \u201eGoogle Analytics\u201c, welcher von der Google Inc. (1600 Amphitheatre Parkway Mountain View, CA 94043, USA) angeboten wird. Der Dienst (Google Analytics) verwendet \u201eCookies\u201c \u2013 Textdateien, welche auf Ihrem Endger\u00e4t gespeichert werden. Die durch die Cookies gesammelten Informationen werden im Regelfall an einen Google-Server in den USA gesandt und dort gespeichert.<\/p>\n<p>Google LLC h\u00e4lt das europ\u00e4ische Datenschutzrecht ein und ist unter dem Privacy-Shield-Abkommen zertifiziert: https:\/\/www.privacyshield.gov\/participant?id=a2zt000000001L5AAI&amp;status=Active<\/p>\n<p>Auf dieser Website greift die IP-Anonymisierung. Die IP-Adresse der Nutzer wird innerhalb der Mitgliedsstaaten der EU und des Europ\u00e4ischen Wirtschaftsraum und in den anderen Vertragsstaaten des Abkommens gek\u00fcrzt. Nur in Einzelf\u00e4llen wird die IP-Adresse zun\u00e4chst ungek\u00fcrzt in die USA an einen Server von Google \u00fcbertragen und dort gek\u00fcrzt. Durch diese K\u00fcrzung entf\u00e4llt der Personenbezug Ihrer IP-Adresse. Die vom Browser \u00fcbermittelte IP-Adresse des Nutzers wird nicht mit anderen von Google gespeicherten Daten kombiniert.<\/p>\n<p>Im Rahmen der Vereinbarung zur Auftragsdatenvereinbarung, welche wir als Websitebetreiber mit der Google Inc. geschlossen haben, erstellt diese mithilfe der gesammelten Informationen eine Auswertung der Websitenutzung und der Websiteaktivit\u00e4t und erbringt mit der Internetnutzung verbundene Dienstleistungen.<\/p>\n<p>Die von Google in unserem Auftrag erhobenen Daten werden genutzt, um die Nutzung unseres Online-Angebots durch die einzelnen Nutzer auswerten zu k\u00f6nnen, z. B. um Reports \u00fcber die Aktivit\u00e4t auf der Website zu erstellen, um unser Online-Angebot zu verbessern.<\/p>\n<p>Sie haben die M\u00f6glichkeit, die Speicherung der Cookies auf Ihrem Ger\u00e4t zu verhindern, indem Sie in Ihrem Browser entsprechende Einstellungen vornehmen. Es ist nicht gew\u00e4hrleistet, dass Sie auf alle Funktionen dieser Website ohne Einschr\u00e4nkungen zugreifen k\u00f6nnen, wenn Ihr Browser keine Cookies zul\u00e4sst.<\/p>\n<p>Weiterhin k\u00f6nnen Sie durch ein Browser-Plugin verhindern, dass die durch Cookies gesammelten Informationen (inklusive Ihrer IP-Adresse) an die Google Inc. gesendet und von der Google Inc. genutzt werden. Folgender Link f\u00fchrt Sie zu dem entsprechenden Plugin: https:\/\/tools.google.com\/dlpage\/gaoptout?hl=de<\/p>\n<p>Alternativ verhindern Sie mit einem Klick auf diesen Link (WICHTIG: Opt-Out-Link einf\u00fcgen), dass Google Analytics innerhalb dieser Website Daten \u00fcber Sie erfasst. Mit dem Klick auf obigen Link laden Sie ein \u201eOpt-Out-Cookie\u201c herunter. Ihr Browser muss die Speicherung von Cookies also hierzu grunds\u00e4tzlich erlauben. L\u00f6schen Sie Ihre Cookies regelm\u00e4\u00dfig, ist ein erneuter Klick auf den Link bei jedem Besuch dieser Website vonn\u00f6ten.<\/p>\n<p>Hier finden Sie weitere Informationen zur Datennutzung durch die Google Inc.:<\/p>\n<p>\u2022 https:\/\/policies.google.com\/privacy\/partners?hl=de (Daten, die von Google-Partnern erhoben werden)<br \/>\u2022 https:\/\/adssettings.google.de\/authenticated (Einstellungen \u00fcber Werbung, die Ihnen angezeigt wird)<br \/>\u2022 https:\/\/policies.google.com\/technologies\/ads?hl=de (Verwendung von Cookies in Anzeigen)<\/p>\n<h3>Nutzung von Social-Media-Plugins von Facebook<\/h3>\n<p>Aufgrund unseres berechtigten Interesses an der Analyse, Optimierung und dem Betrieb unseres Online-Angebotes (im Sinne des Art. 6 Abs. 1 lit. f. DSGVO), verwendet diese Website das Facebook-Social-Plugin, welches von der Facebook Inc. (1 Hacker Way, Menlo Park, California 94025, USA) betrieben wird. Erkennbar sind die Einbindungen an dem Facebook-Logo bzw. an den Begriffen \u201eLike\u201c, \u201eGef\u00e4llt mir\u201c, \u201eTeilen\u201c in den Farben Facebooks (Blau und Wei\u00df). Informationen zu allen Facebook-Plugins finden Sie \u00fcber den folgenden Link: https:\/\/developers.facebook.com\/docs\/plugins\/<\/p>\n<p>Facebook Inc. h\u00e4lt das europ\u00e4ische Datenschutzrecht ein und ist unter dem Privacy-Shield-Abkommen zertifiziert: https:\/\/www.privacyshield.gov\/participant?id=a2zt0000000GnywAAC&amp;status=Active<\/p>\n<p>Das Plugin stellt eine direkte Verbindung zwischen Ihrem Browser und den Facebook-Servern her. Der Websitebetreiber hat keinerlei Einfluss auf die Natur und den Umfang der Daten, welche das Plugin an die Server der Facebook Inc. \u00fcbermittelt. Informationen dazu finden Sie hier: https:\/\/www.facebook.com\/help\/186325668085084<\/p>\n<p>Das Plugin informiert die Facebook Inc. dar\u00fcber, dass Sie als Nutzer diese Website besucht haben. Es besteht hierbei die M\u00f6glichkeit, dass Ihre IP-Adresse gespeichert wird. Sind Sie w\u00e4hrend des Besuchs auf dieser Website in Ihrem Facebook-Konto eingeloggt, werden die genannten Informationen mit diesem verkn\u00fcpft.<\/p>\n<p>Nutzen Sie die Funktionen des Plugins \u2013 etwa indem Sie einen Beitrag teilen oder \u201eliken\u201c \u2013, werden die entsprechenden Informationen ebenfalls an die Facebook Inc. \u00fcbermittelt.<br \/>M\u00f6chten Sie verhindern, dass die Facebook. Inc. diese Daten mit Ihrem Facebook-Konto verkn\u00fcpft, loggen Sie sich bitte vor dem Besuch dieser Website bei Facebook aus und l\u00f6schen Sie die gespeicherten Cookies. \u00dcber Ihr Facebook-Profil k\u00f6nnen Sie weitere Einstellungen zur Datenverarbeitung f\u00fcr Werbezwecke t\u00e4tigen oder der Nutzung Ihrer Daten f\u00fcr Werbezwecke widersprechen. Zu den Einstellungen gelangen Sie hier:<\/p>\n<p>\u2022 Profileinstellungen bei Facebook: https:\/\/www.facebook.com\/ads\/preferences\/?entry_product=ad_settings_screen<br \/>\u2022 Cookie-Deaktivierungsseite der US-amerikanischen Website: http:\/\/optout.aboutads.info\/?c=2#!\/<br \/>\u2022 Cookie-Deaktivierungsseite der europ\u00e4ischen Website: http:\/\/optout.networkadvertising.org\/?c=1#!\/<\/p>\n<p>Welche Daten, zu welchem Zweck und in welchem Umfang Facebook Daten erhebt, nutzt und verarbeitet und welche Rechte sowie Einstellungsm\u00f6glichkeiten Sie zum Schutz Ihrer Privatsph\u00e4re haben, k\u00f6nnen Sie in den Datenschutzrichtlinien von Facebook nachlesen. Diese finden Sie hier: https:\/\/www.facebook.com\/about\/privacy\/<\/p>\n<h3>Rechte des Nutzers<\/h3>\n<p>Sie haben als Nutzer das Recht, auf Antrag eine kostenlose Auskunft dar\u00fcber zu erhalten, welche personenbezogenen Daten \u00fcber Sie gespeichert wurden. Sie haben au\u00dferdem das Recht auf Berichtigung falscher Daten und auf die Verarbeitungseinschr\u00e4nkung oder L\u00f6schung Ihrer personenbezogenen Daten. Falls zutreffend, k\u00f6nnen Sie auch Ihr Recht auf Datenportabilit\u00e4t geltend machen. Sollten Sie annehmen, dass Ihre Daten unrechtm\u00e4\u00dfig verarbeitet wurden, k\u00f6nnen Sie eine Beschwerde bei der zust\u00e4ndigen Aufsichtsbeh\u00f6rde einreichen.<\/p>\n<h3>L\u00f6schung von Daten<\/h3>\n<p>Sofern Ihr Wunsch nicht mit einer gesetzlichen Pflicht zur Aufbewahrung von Daten (z. B. Vorratsdatenspeicherung) kollidiert, haben Sie ein Anrecht auf L\u00f6schung Ihrer Daten. Von uns gespeicherte Daten werden, sollten sie f\u00fcr ihre Zweckbestimmung nicht mehr vonn\u00f6ten sein und es keine gesetzlichen Aufbewahrungsfristen geben, gel\u00f6scht. Falls eine L\u00f6schung nicht durchgef\u00fchrt werden kann, da die Daten f\u00fcr zul\u00e4ssige gesetzliche Zwecke erforderlich sind, erfolgt eine Einschr\u00e4nkung der Datenverarbeitung. In diesem Fall werden die Daten gesperrt und nicht f\u00fcr andere Zwecke verarbeitet.<\/p>\n<h3>Widerspruchsrecht<\/h3>\n<p>Nutzer dieser Webseite k\u00f6nnen von ihrem Widerspruchsrecht Gebrauch machen und der Verarbeitung ihrer personenbezogenen Daten zu jeder Zeit widersprechen.<\/p>\n<p>Wenn Sie eine Berichtigung, Sperrung, L\u00f6schung oder Auskunft \u00fcber die zu Ihrer Person gespeicherten personenbezogenen Daten w\u00fcnschen oder Fragen bzgl. der Erhebung, Verarbeitung oder Verwendung Ihrer personenbezogenen Daten haben oder erteilte Einwilligungen widerrufen m\u00f6chten, wenden Sie sich bitte an folgende E-Mail-Adresse: info@lr-production.de<\/p>\n<p>\u00a0<\/p>\n<p>\u00a0<\/p>\n<p>Privacy policy<\/p>\n<p>This privacy policy is intended to inform the users of this website about the nature, scope and purpose of the collection and use of personal data by the website operator LR-Production.de.<\/p>\n<p>The website operator takes your data protection very seriously and treats your personal data confidentially and in accordance with legal regulations. Since new technologies and the continuous development of this website can be made to this privacy policy, we recommend that you read the privacy policy again at regular intervals.<\/p>\n<p>Definitions of the terms used (e.g. \u201cpersonal data\u201d or \u201cprocessing\u201d) can be found in Art. 4 GDPR.<br \/>Access data<\/p>\n<p>We, the website operator or Site providers, collect on the basis of our legitimate interest (see see Art. 6 para. 1 lit. f. GDPR) Data about access to the website and store it as &#8222;server log files&#8220; on the server of the website. The following data is logged in this way:<\/p>\n<p>Visited website<br \/>Time at the time of access<br \/>Quantity of data sent in bytes<br \/>Source\/reference from which you came to the page<br \/>Used browser<br \/>Operating system used<br \/>IP address used<\/p>\n<p>The server log files are stored for a maximum of 7 days and then deleted. The data is stored for security reasons, e.g. B. to clarify cases of abuse. If data must be removed for reasons of proof, they are excluded from deletion until the incident has been finally clarified.<br \/>Range measurement &amp; cookies<\/p>\n<p>This website uses cookies for pseudonymised reach measurement, which are transmitted either from our server or from the server of third-party servers to the user&#8217;s browser. Cookies are small files that are stored on your device. Your browser accesses these files. The use of cookies increases the usability and security of this website.<br \/>If you do not want cookies to be stored on your device for range measurement, you can object to the use of these files here:<\/p>\n<p>Cookie deactivation page of the network advertising initiative: http:\/\/optout.networkadvertising.org\/?c-1!\/<br \/>Cookie deactivation page of the US website: http:\/\/optout.aboutads.info\/?c-2!\/<br \/>Cookie deactivation page of the European website: http:\/\/optout.networkadvertising.org\/?c-1!\/<\/p>\n<p>The number of browsers do not provide the setting option to allow cookies. Note: It is not guaranteed that you will be able to access all functions of this website without restrictions if you make appropriate settings.<br \/>Collection and processing of personal data<\/p>\n<p>The website operator collects, uses and shares your personal data only if this is permitted within the legal framework or if you consent to the collection of data.<br \/>Personal data means any information that is used to identify your person and which can be traced back to you \u2013 for example, your name, your e-mail address and telephone number.<\/p>\n<p>You can also visit this website without providing any personal information. However, to improve our online offer, we store your access data to this website (without personal reference). These access data include e.g. the file or the name of your Internet provider you have requested. By anonymizing the data, conclusions about your person are not possible.<br \/>Handling contact data<\/p>\n<p>If you contact us as the website operator through the offered contact options, your details will be stored so that they can be used to process and answer your request. This data will not be disclosed to third parties without your consent.<br \/>Dealing with comments and posts<\/p>\n<p>If you leave a post or comment on this website, your IP address will be stored. This is based on our legitimate interests in the interests of Art. 6 para. 1 lit. f. GDPR and serves the security of us as the website operator: if your comment violates applicable law, we can be prosecuted, which is why we have an interest in the identity of the comment or comment. Contributor authors.<br \/>Google Analytics<\/p>\n<p>Based on our legitimate interests, this website uses to optimise and analyze our online offer within the meaning of Art. 6 para. 1 lit. f. GDPR the service &#8222;Google Analytics&#8220;, which is provided by Google Inc. (1600 Amphitheatre Parkway Mountain View, CA 94043, USA). The service (Google Analytics) uses \u201ccookies\u201d \u2013 text files that are stored on your device. The information collected by the cookies is usually sent to a Google server in the USA and stored there.<\/p>\n<p>Google LLC complies with European data protection law and is certified under the Privacy Shield Agreement: https:\/\/www.privacyshield.gov\/participant?id-a2zt000000001L5AAI&amp;status-Active<\/p>\n<p>IP anonymisation is used on this website. The IP address of the users is shortened within the member states of the EU and the European Economic Area and in the other contracting states of the agreement. Only in individual cases will the IP address be transmitted to a Google server in an unincreasingly uninvited manner and shortened there. This reduction does not involve your IP address with your IP address. The user&#8217;s IP address transmitted by the browser is not combined with other data stored by Google.<\/p>\n<p>As part of the contract data agreement agreement, which we as the website operator have concluded with Google Inc., they use the information collected to create an evaluation of website use and website activity and provides services related to internet usage.<\/p>\n<p>The data collected by Google on our behalf is used to be able to evaluate the use of our online offer by the individual users, e.g. to create reports on the activity on the website to improve our online offering.<\/p>\n<p>You have the option of preventing the storage of cookies on your device by making the appropriate settings in your browser. It is not guaranteed that you will be able to access all functions of this website without restrictions if your browser does not allow cookies.<\/p>\n<p>Furthermore, you can use a browser plug-in to prevent the information collected by cookies (including your IP address) from being sent to Google Inc. and used by Google Inc. The following link will take you to the corresponding plugin: https:\/\/tools.google.com\/dlpage\/gaoptout?hl?de<\/p>\n<p>Alternatively, you can prevent Google Analytics from collecting data about you within this website with a click on this link (IMPORTANT: Insert opt-out link). By clicking on the above link you download an \u201copt-out cookie\u201d. Your browser must therefore allow the storage of cookies to do so. If you delete your cookies regularly, a renewed click on the link is necessary each time you visit this website.<\/p>\n<p>Here you can find further information on data usage by Google Inc.:<\/p>\n<p>https:\/\/policies.google.com\/privacy\/partners?hl-en (data collected by Google partners)<br \/>https:\/\/adssettings.google.de\/authenticated (settings about advertisements that will be displayed to you)<br \/>https:\/\/policies.google.com\/technologies\/ads?hl-en (Using cookies in ads)<br \/>Use of social media plugins from Facebook<\/p>\n<p>Due to our legitimate interest in the analysis, optimisation and operation of our online offer (in the sense of Art. 6 para. 1 lit. f. This website uses the Facebook social plugin, which is provided by Facebook Inc. (1 Hacker Way, Menlo Park, California 94025, USA). The integration of the Facebook logo or the terms \u201cLike\u201d, \u201cLike\u201d, \u201cShare\u201d in the colours Facebook (blue and white) can be recognised. Information on all Facebook plugins can be found via the following link: https:\/\/developers.facebook.com\/docs\/plugins\/<\/p>\n<p>Facebook Inc. complies with European data protection law and is certified under the Privacy Shield Agreement: https:\/\/www.privacyshield.gov\/participant?id-a2zt0000000GnywAAC&amp;status<\/p>\n<p>The plugin establishes a direct connection between your browser and the Facebook servers. The website operator has no influence on the nature and scope of the data that the plugin has to the servers of Facebook Inc. transmitted. For more information, please click here: https:\/\/www.facebook.com\/help\/186325668085084<\/p>\n<p>The plugin informs Facebook Inc. that you as a user have visited this website. There is the possibility that your IP address will be stored. If you are logged into your Facebook account while visiting this website, the information provided will be linked to it.<\/p>\n<p>If you use the functions of the plugin \u2013 for example by sharing or \u201clike\u201d \u2013 the corresponding information will also be sent to Facebook Inc. transmitted.<br \/>Do you want to prevent the Facebook. Inc. linking this data to your Facebook account, please log out of Facebook before visiting this website and delete the cookies stored. You can use your Facebook profile to make further settings for data processing for advertising purposes or object to the use of your data for advertising purposes. To the settings you can see:<\/p>\n<p>Profile settings on Facebook: https:\/\/www.facebook.com\/ads\/ads\/preferences\/?entry-product-ad-settings-screen<br \/>Cookie deactivation page of the US website: http:\/\/optout.aboutads.info\/?c-2!\/<br \/>Cookie deactivation page of the European website: http:\/\/optout.networkadvertising.org\/?c-1!\/<\/p>\n<p>You can read in Facebook&#8217;s privacy policy which data collects and to what extent Facebook collects and to what extent it is and what rights and setting options you have for the protection of your privacy. You can find them here: https:\/\/www.facebook.com\/about\/privacy\/<br \/>Rights of the user<\/p>\n<p>As a user, you have the right, upon request, to receive free information about which personal data has been stored about you. You also have the right to correct incorrect data and to the restriction of processing or deletion of your personal data. If applicable, you can also exercise your right to data adoption. If you believe that your data has been processed unlawfully, you can lodge a complaint with the competent supervisory authority.<br \/>Deletion of data<\/p>\n<p>If your request is not subject to a legal obligation to retain data (e.g. B. Data retention) collides, you are entitled to deletion of your data. Data stored by us if it is no longer necessary for their purpose should it be required and there are no statutory retention periods, deleted. If a deletion cannot be carried out, since the data is required for permissible legal purposes, data processing will be limited. In this case, the data will be blocked and not processed for other purposes.<br \/>Right of objection<\/p>\n<p>Users of this website may exercise their right to object and object to the processing of their personal data at any time.<\/p>\n<p>If you would like to rectify, block, delete or obtain information about the personal data stored about you or if you would like to request any questions regarding the collection, processing or use of your personal data, please contact us at the following e-mail address: info@lr-production.de<\/p>\n","protected":false},"excerpt":{"rendered":"<p>Datenschutzerkl\u00e4rung Grundlegendes Diese Datenschutzerkl\u00e4rung soll die Nutzer dieser Website \u00fcber die Art, den Umfang und den Zweck der Erhebung und Verwendung personenbezogener Daten durch den Websitebetreiber LR-Production.de informieren. Der Websitebetreiber nimmt Ihren Datenschutz sehr ernst und behandelt Ihre personenbezogenen Daten vertraulich und entsprechend der gesetzlichen Vorschriften. Da durch neue Technologien und die st\u00e4ndige Weiterentwicklung dieser&#8230;<\/p>\n","protected":false},"author":1,"featured_media":0,"parent":0,"menu_order":0,"comment_status":"closed","ping_status":"closed","template":"","meta":{"ngg_post_thumbnail":0,"footnotes":""},"class_list":["post-20","page","type-page","status-publish","hentry"],"_links":{"self":[{"href":"https:\/\/lr-production.de\/index.php?rest_route=\/wp\/v2\/pages\/20","targetHints":{"allow":["GET"]}}],"collection":[{"href":"https:\/\/lr-production.de\/index.php?rest_route=\/wp\/v2\/pages"}],"about":[{"href":"https:\/\/lr-production.de\/index.php?rest_route=\/wp\/v2\/types\/page"}],"author":[{"embeddable":true,"href":"https:\/\/lr-production.de\/index.php?rest_route=\/wp\/v2\/users\/1"}],"replies":[{"embeddable":true,"href":"https:\/\/lr-production.de\/index.php?rest_route=%2Fwp%2Fv2%2Fcomments&post=20"}],"version-history":[{"count":10,"href":"https:\/\/lr-production.de\/index.php?rest_route=\/wp\/v2\/pages\/20\/revisions"}],"predecessor-version":[{"id":10815,"href":"https:\/\/lr-production.de\/index.php?rest_route=\/wp\/v2\/pages\/20\/revisions\/10815"}],"wp:attachment":[{"href":"https:\/\/lr-production.de\/index.php?rest_route=%2Fwp%2Fv2%2Fmedia&parent=20"}],"curies":[{"name":"wp","href":"https:\/\/api.w.org\/{rel}","templated":true}]}}