{"id":11,"date":"2021-01-08T06:45:58","date_gmt":"2021-01-08T06:45:58","guid":{"rendered":"http:\/\/www.lr-production.de\/?page_id=11"},"modified":"2026-03-30T05:28:28","modified_gmt":"2026-03-30T05:28:28","slug":"about","status":"publish","type":"page","link":"https:\/\/lr-production.de\/?page_id=11","title":{"rendered":"about"},"content":{"rendered":"\n<h1 class=\"wp-block-heading\">\u00fcber <strong>mich<\/strong><\/h1>\n\n\n\n<h1 class=\"wp-block-heading\"><img loading=\"lazy\" decoding=\"async\" src=\"http:\/\/www.lr-production.de\/wp-content\/uploads\/2021\/01\/IMG_8996-300x200.jpg\" alt=\"\" width=\"613\" height=\"408\" data-wp-pid=\"844\"><\/h1>\n\n\n\n<p class=\"has-white-color has-text-color\">\u2026seit nun inzwischen \u00fcber 30 Jahren besch\u00e4ftige ich mich mit der erotischen Fotografie.<\/p>\n\n\n\n<p class=\"has-white-color has-text-color\">Kurz zur Person:<\/p>\n\n\n\n<p class=\"has-white-color has-text-color\">Baujahr 1972, seit Kindertagen mit Kamera unterwegs, damals auch selbst Bilder entwickelt im Heimlabor\u2026<\/p>\n\n\n\n<p class=\"has-white-color has-text-color\">1989 das erste Aktshooting versucht und daran Spa\u00df gefunden\u2026 zun\u00e4chst nat\u00fcrlich immer analog gearbeitet, im Jahr 2000 folgte dann die erste Digitalkamera\u2026 etwa um diese Zeit entstand der erste Projektname &#8222;Akt-und-Erotikdesign Dresden&#8220;, welcher 2014 durch den jetzigen Namen LR-Production abgel\u00f6st wurde.<\/p>\n\n\n\n<p class=\"has-white-color has-text-color\">2007 wurde die erste DSLR angeschafft, seitdem ist das Equipment St\u00fcck f\u00fcr St\u00fcck angewachsen\u2026<\/p>\n\n\n\n<p class=\"has-white-color has-text-color\">Es steht ein komplettes Studio mit semiprofessioneller Technik zur Verf\u00fcgung. Allerdings werden die meisten der Shoots eher im Freien oder on location durchgef\u00fchrt.<\/p>\n\n\n\n<p class=\"has-white-color has-text-color\">Durch berufliche und private Ver\u00e4nderungen wurde das Gewerbe wieder abgemeldet, die Fotografie wird aber nat\u00fcrlich trotzdem als Hobby nie verloren gehen.<\/p>\n\n\n\n<p class=\"has-white-color has-text-color\"><br>Bei Interesse an einer Zusammenarbeit gibt es verschiedene M\u00f6glichkeiten des Kontaktes (Social Media-Links auf der Seite unten, das Kontaktformular oder ganz einfach \u00fcber email (info@lr-production.de). Auch whatsapp ist m\u00f6glich (01 7778 7778 7).<\/p>\n\n\n\n<p class=\"has-white-color has-text-color\">\u2026to be continued\u2026<\/p>\n\n\n<p><strong>about me<\/strong><\/p>\n<p>&#8230; for more than 30 years now I have been dealing with erotic photography.<\/p>\n<p>Short about the person:<\/p>\n<p>Built in 1972, since childhood with camera on the road, at that time also developed pictures in the home laboratory&#8230;<\/p>\n<p>1989 the first nude shooting tried and found fun&#8230; initially of course always worked analogue, in 2000 then followed the first digital camera&#8230; Around this time, the first project name &#8222;Akt-und-Erotikdesign Dresden&#8220; was created, which was replaced by the current name LR-Production in 2014.<\/p>\n<p>In 2007 the first DSLR was purchased, since then the equipment has grown bit by bit&#8230;<\/p>\n<p>A complete studio with semi-professional technology is available. However, most of the shoots are done outdoors or on location.<\/p>\n<p>Due to professional and private changes, the business was deregistered again, but photography will of course never be lost as a hobby.<\/p>\n<p>If you are interested in working together, there are various contact options (social media links on the page below, the contact form or simply via email (info@lr-production.de). Also whatsapp is possible (01 7778 7778 7).<\/p>\n<p>\u2026to be continued\u2026<\/p>","protected":false},"excerpt":{"rendered":"<p>\u00fcber mich \u2026seit nun inzwischen \u00fcber 30 Jahren besch\u00e4ftige ich mich mit der erotischen Fotografie. Kurz zur Person: Baujahr 1972, seit Kindertagen mit Kamera unterwegs, damals auch selbst Bilder entwickelt im Heimlabor\u2026 1989 das erste Aktshooting versucht und daran Spa\u00df gefunden\u2026 zun\u00e4chst nat\u00fcrlich immer analog gearbeitet, im Jahr 2000 folgte dann die erste Digitalkamera\u2026 etwa&#8230;<\/p>\n","protected":false},"author":1,"featured_media":0,"parent":0,"menu_order":0,"comment_status":"closed","ping_status":"closed","template":"","meta":{"ngg_post_thumbnail":0,"footnotes":""},"class_list":["post-11","page","type-page","status-publish","hentry"],"_links":{"self":[{"href":"https:\/\/lr-production.de\/index.php?rest_route=\/wp\/v2\/pages\/11","targetHints":{"allow":["GET"]}}],"collection":[{"href":"https:\/\/lr-production.de\/index.php?rest_route=\/wp\/v2\/pages"}],"about":[{"href":"https:\/\/lr-production.de\/index.php?rest_route=\/wp\/v2\/types\/page"}],"author":[{"embeddable":true,"href":"https:\/\/lr-production.de\/index.php?rest_route=\/wp\/v2\/users\/1"}],"replies":[{"embeddable":true,"href":"https:\/\/lr-production.de\/index.php?rest_route=%2Fwp%2Fv2%2Fcomments&post=11"}],"version-history":[{"count":20,"href":"https:\/\/lr-production.de\/index.php?rest_route=\/wp\/v2\/pages\/11\/revisions"}],"predecessor-version":[{"id":23382,"href":"https:\/\/lr-production.de\/index.php?rest_route=\/wp\/v2\/pages\/11\/revisions\/23382"}],"wp:attachment":[{"href":"https:\/\/lr-production.de\/index.php?rest_route=%2Fwp%2Fv2%2Fmedia&parent=11"}],"curies":[{"name":"wp","href":"https:\/\/api.w.org\/{rel}","templated":true}]}}